{"id":577,"date":"2024-03-07T16:53:47","date_gmt":"2024-03-07T16:53:47","guid":{"rendered":"https:\/\/mptr.hu\/?page_id=577"},"modified":"2024-03-14T23:55:39","modified_gmt":"2024-03-14T23:55:39","slug":"rolunk","status":"publish","type":"page","link":"https:\/\/mptr.hu\/?page_id=577","title":{"rendered":"R\u00f3lunk"},"content":{"rendered":"\t\t<div data-elementor-type=\"wp-page\" data-elementor-id=\"577\" class=\"elementor elementor-577\">\n\t\t\t\t\t\t\t\t\t<section class=\"elementor-section elementor-top-section elementor-element elementor-element-260ac7cf elementor-section-boxed elementor-section-height-default elementor-section-height-default elementor-invisible\" data-id=\"260ac7cf\" data-element_type=\"section\" data-settings=\"{&quot;background_background&quot;:&quot;classic&quot;,&quot;animation&quot;:&quot;fadeIn&quot;}\">\n\t\t\t\t\t\t\t<div class=\"elementor-background-overlay\"><\/div>\n\t\t\t\t\t\t\t<div class=\"elementor-container elementor-column-gap-default\">\n\t\t\t\t\t<div class=\"elementor-column elementor-col-100 elementor-top-column elementor-element elementor-element-2bd01a2f\" data-id=\"2bd01a2f\" data-element_type=\"column\">\n\t\t\t<div class=\"elementor-widget-wrap elementor-element-populated\">\n\t\t\t\t\t\t\t\t<div class=\"elementor-element elementor-element-5eb92b6e de_scroll_animation_no elementor-invisible elementor-widget elementor-widget-heading\" data-id=\"5eb92b6e\" data-element_type=\"widget\" data-settings=\"{&quot;_animation&quot;:&quot;fadeInLeft&quot;}\" data-widget_type=\"heading.default\">\n\t\t\t\t<div class=\"elementor-widget-container\">\n\t\t\t<style>\/*! elementor - v3.8.0 - 30-10-2022 *\/\n.elementor-heading-title{padding:0;margin:0;line-height:1}.elementor-widget-heading .elementor-heading-title[class*=elementor-size-]>a{color:inherit;font-size:inherit;line-height:inherit}.elementor-widget-heading .elementor-heading-title.elementor-size-small{font-size:15px}.elementor-widget-heading .elementor-heading-title.elementor-size-medium{font-size:19px}.elementor-widget-heading .elementor-heading-title.elementor-size-large{font-size:29px}.elementor-widget-heading .elementor-heading-title.elementor-size-xl{font-size:39px}.elementor-widget-heading .elementor-heading-title.elementor-size-xxl{font-size:59px}<\/style><h1 class=\"elementor-heading-title elementor-size-default\">Szak\u00e9rtelm\u00fcnk<\/h1>\t\t<\/div>\n\t\t\t\t<\/div>\n\t\t\t\t<div class=\"elementor-element elementor-element-3024a94 elementor-widget-mobile__width-inherit de_scroll_animation_no elementor-invisible elementor-widget elementor-widget-text-editor\" data-id=\"3024a94\" data-element_type=\"widget\" data-settings=\"{&quot;_animation&quot;:&quot;fadeInUp&quot;,&quot;_animation_delay&quot;:500}\" data-widget_type=\"text-editor.default\">\n\t\t\t\t<div class=\"elementor-widget-container\">\n\t\t\t<style>\/*! elementor - v3.8.0 - 30-10-2022 *\/\n.elementor-widget-text-editor.elementor-drop-cap-view-stacked .elementor-drop-cap{background-color:#818a91;color:#fff}.elementor-widget-text-editor.elementor-drop-cap-view-framed .elementor-drop-cap{color:#818a91;border:3px solid;background-color:transparent}.elementor-widget-text-editor:not(.elementor-drop-cap-view-default) .elementor-drop-cap{margin-top:8px}.elementor-widget-text-editor:not(.elementor-drop-cap-view-default) .elementor-drop-cap-letter{width:1em;height:1em}.elementor-widget-text-editor .elementor-drop-cap{float:left;text-align:center;line-height:1;font-size:50px}.elementor-widget-text-editor .elementor-drop-cap-letter{display:inline-block}<\/style>\t\t\t\t<p class=\"title solutions__title\">R\u00f6vid bemutatkoz\u00e1sunk szakmai oldalr\u00f3l<\/p>\t\t\t\t\t\t<\/div>\n\t\t\t\t<\/div>\n\t\t\t\t\t<\/div>\n\t\t<\/div>\n\t\t\t\t\t\t\t<\/div>\n\t\t<\/section>\n\t\t\t\t<section class=\"elementor-section elementor-top-section elementor-element elementor-element-62688d4 elementor-section-boxed elementor-section-height-default elementor-section-height-default\" data-id=\"62688d4\" data-element_type=\"section\">\n\t\t\t\t\t\t<div class=\"elementor-container elementor-column-gap-default\">\n\t\t\t\t\t<div class=\"elementor-column elementor-col-100 elementor-top-column elementor-element elementor-element-8c79a53\" data-id=\"8c79a53\" data-element_type=\"column\">\n\t\t\t<div class=\"elementor-widget-wrap elementor-element-populated\">\n\t\t\t\t\t\t\t\t<div class=\"elementor-element elementor-element-73201f4 de_scroll_animation_no elementor-widget elementor-widget-text-editor\" data-id=\"73201f4\" data-element_type=\"widget\" data-widget_type=\"text-editor.default\">\n\t\t\t\t<div class=\"elementor-widget-container\">\n\t\t\t\t\t\t\t<p><span style=\"font-weight: 400;\">Szak\u00e9rt\u0151ink 9 \u00e9ve foglalkoznak mobilapplik\u00e1ci\u00f3k \u00e9s 15 \u00e9ve weboldalak fejleszt\u00e9s\u00e9vel.<\/span><\/p><p><span style=\"font-weight: 400;\">Legyen sz\u00f3 mobilappokr\u00f3l vagy webr\u0151l, k\u00f6z\u00f6s szakmai alap\u00e9rt\u00e9k\u00fcnk a folyamatos \u00f6nk\u00e9pz\u00e9s. Naprak\u00e9sz tud\u00e1sunk biztos\u00edtja, hogy a megfelel\u0151 projekthez a megfelel\u0151 technol\u00f3gia eszk\u00f6z\u00f6ket v\u00e1lasztjuk ki, hogy \u00fcgyfeleink sz\u00e1m\u00e1ra gyors \u00e9s hat\u00e9kony munk\u00e1t tudjunk biztos\u00edtani.\u00a0<\/span><\/p><p><span style=\"font-weight: 400;\">Kreat\u00edv \u00e9s modern design-ot k\u00e9sz\u00edt\u00fcnk \u00d6nnek a front-end oldalon \u00e9s \u00e1tgondolt, j\u00f3l struktur\u00e1lt h\u00e1tt\u00e9rrendszert a back-end oldalon.\u00a0<\/span><\/p><p><span style=\"font-weight: 400;\">Emellett szakter\u00fclet\u00fcnk a kiberbiztons\u00e1g, applik\u00e1ci\u00f3kat \u00e9s weboldalainkat naprak\u00e9szen tartjuk, hogy folyamatosan megfeleljenek a leg\u00fajabb biztons\u00e1gi kih\u00edv\u00e1soknak.<\/span><\/p><p><span style=\"font-weight: 400;\">Nem \u00e9rj\u00fck be a f\u00e9lmegold\u00e1sokkal, minden projekthez a legjobb tud\u00e1sunk szerint \u00e1llunk. Az \u00fcgyfelek el\u00e9gedetts\u00e9ge az egyik mozgat\u00f3rug\u00f3nk.<\/span><\/p>\t\t\t\t\t\t<\/div>\n\t\t\t\t<\/div>\n\t\t\t\t\t<\/div>\n\t\t<\/div>\n\t\t\t\t\t\t\t<\/div>\n\t\t<\/section>\n\t\t\t\t<section class=\"elementor-section elementor-top-section elementor-element elementor-element-25f2c5f elementor-section-boxed elementor-section-height-default elementor-section-height-default\" data-id=\"25f2c5f\" data-element_type=\"section\">\n\t\t\t\t\t\t<div class=\"elementor-container elementor-column-gap-default\">\n\t\t\t\t\t<div class=\"elementor-column elementor-col-100 elementor-top-column elementor-element elementor-element-f5ce097\" data-id=\"f5ce097\" data-element_type=\"column\">\n\t\t\t<div class=\"elementor-widget-wrap elementor-element-populated\">\n\t\t\t\t\t\t\t\t<div class=\"elementor-element elementor-element-46d99b4 de_scroll_animation_no elementor-widget elementor-widget-elementskit-page-list\" data-id=\"46d99b4\" data-element_type=\"widget\" data-widget_type=\"elementskit-page-list.default\">\n\t\t\t\t<div class=\"elementor-widget-container\">\n\t\t\t<div class=\"ekit-wid-con\" >\t\t<div class=\"elementor-icon-list-items \">\n\t\t\t\t\t<\/div>\n\t\t<\/div>\t\t<\/div>\n\t\t\t\t<\/div>\n\t\t\t\t\t<\/div>\n\t\t<\/div>\n\t\t\t\t\t\t\t<\/div>\n\t\t<\/section>\n\t\t\t\t<section class=\"elementor-section elementor-top-section elementor-element elementor-element-c409859 elementor-section-boxed elementor-section-height-default elementor-section-height-default elementor-invisible\" data-id=\"c409859\" data-element_type=\"section\" data-settings=\"{&quot;background_background&quot;:&quot;classic&quot;,&quot;animation&quot;:&quot;fadeIn&quot;}\">\n\t\t\t\t\t\t\t<div class=\"elementor-background-overlay\"><\/div>\n\t\t\t\t\t\t\t<div class=\"elementor-container elementor-column-gap-default\">\n\t\t\t\t\t<div class=\"elementor-column elementor-col-100 elementor-top-column elementor-element elementor-element-3ac9d09\" data-id=\"3ac9d09\" data-element_type=\"column\">\n\t\t\t<div class=\"elementor-widget-wrap elementor-element-populated\">\n\t\t\t\t\t\t\t\t<div class=\"elementor-element elementor-element-acec3ea de_scroll_animation_no elementor-invisible elementor-widget elementor-widget-heading\" data-id=\"acec3ea\" data-element_type=\"widget\" data-settings=\"{&quot;_animation&quot;:&quot;fadeInLeft&quot;}\" data-widget_type=\"heading.default\">\n\t\t\t\t<div class=\"elementor-widget-container\">\n\t\t\t<h1 class=\"elementor-heading-title elementor-size-default\">Kommunik\u00e1ci\u00f3nk<\/h1>\t\t<\/div>\n\t\t\t\t<\/div>\n\t\t\t\t<div class=\"elementor-element elementor-element-1ca39f1 elementor-widget-mobile__width-inherit de_scroll_animation_no elementor-invisible elementor-widget elementor-widget-text-editor\" data-id=\"1ca39f1\" data-element_type=\"widget\" data-settings=\"{&quot;_animation&quot;:&quot;fadeInUp&quot;,&quot;_animation_delay&quot;:500}\" data-widget_type=\"text-editor.default\">\n\t\t\t\t<div class=\"elementor-widget-container\">\n\t\t\t\t\t\t\t<p class=\"title solutions__title\">R\u00f6vid bemutatkoz\u00e1sunk \u00fcgyf\u00e9lkapcsolati oldalr\u00f3l<\/p>\t\t\t\t\t\t<\/div>\n\t\t\t\t<\/div>\n\t\t\t\t\t<\/div>\n\t\t<\/div>\n\t\t\t\t\t\t\t<\/div>\n\t\t<\/section>\n\t\t\t\t<section class=\"elementor-section elementor-top-section elementor-element elementor-element-69eae3a elementor-section-boxed elementor-section-height-default elementor-section-height-default\" data-id=\"69eae3a\" data-element_type=\"section\">\n\t\t\t\t\t\t<div class=\"elementor-container elementor-column-gap-default\">\n\t\t\t\t\t<div class=\"elementor-column elementor-col-100 elementor-top-column elementor-element elementor-element-42dda64\" data-id=\"42dda64\" data-element_type=\"column\">\n\t\t\t<div class=\"elementor-widget-wrap elementor-element-populated\">\n\t\t\t\t\t\t\t\t<div class=\"elementor-element elementor-element-c622ebd de_scroll_animation_no elementor-widget elementor-widget-text-editor\" data-id=\"c622ebd\" data-element_type=\"widget\" data-widget_type=\"text-editor.default\">\n\t\t\t\t<div class=\"elementor-widget-container\">\n\t\t\t\t\t\t\t<p><span style=\"font-weight: 400;\">A megfelel\u0151 technol\u00f3gia kiv\u00e1laszt\u00e1sa mellett kiemelt figyelmet ford\u00edtunk az \u00e9rthet\u0151 \u00e9s <br \/>\u0151szinte kommunik\u00e1ci\u00f3ra.<\/span><\/p><p><span style=\"font-weight: 400;\">Hisz\u00fcnk benne, hogy a j\u00f3 kommunik\u00e1ci\u00f3 a hat\u00e9kony k\u00f6z\u00f6s munka alapk\u00f6ve, mert er\u0151s bizalmat \u00e9p\u00edt fel nemcsak c\u00e9gen bel\u00fcl, hanem a \u00fcgyfeleinkkel is. Az egy\u00fcttm\u0171k\u00f6d\u00e9s sor\u00e1n r\u00e9szletesen ismertetj\u00fck az aktu\u00e1lis helyzetet, sz\u00fcks\u00e9g eset\u00e9n pedig \u00fcgyfel\u00fcnkkel k\u00f6z\u00f6sen \u00fajabb <br \/>m\u00e9rf\u00f6ldk\u00f6veket hat\u00e1rozunk meg.<\/span><\/p><p><span style=\"font-weight: 400;\">A kapcsolat nem sz\u0171nik meg a projekt \u00e1tad\u00e1sa ut\u00e1n. \u00dczemeltet\u00fcnk, support-ot ny\u00fajtunk, \u00e9s tov\u00e1bbfejleszt\u00fcnk. Nyitottak vagyunk a tov\u00e1bbi k\u00f6z\u00f6s munk\u00e1ra.<\/span><\/p>\t\t\t\t\t\t<\/div>\n\t\t\t\t<\/div>\n\t\t\t\t\t<\/div>\n\t\t<\/div>\n\t\t\t\t\t\t\t<\/div>\n\t\t<\/section>\n\t\t\t\t<section class=\"elementor-section elementor-top-section elementor-element elementor-element-44c3838f elementor-section-boxed elementor-section-height-default elementor-section-height-default\" data-id=\"44c3838f\" data-element_type=\"section\">\n\t\t\t\t\t\t<div class=\"elementor-container elementor-column-gap-default\">\n\t\t\t\t\t<div class=\"elementor-column elementor-col-100 elementor-top-column elementor-element elementor-element-306ead8f\" data-id=\"306ead8f\" data-element_type=\"column\">\n\t\t\t<div class=\"elementor-widget-wrap elementor-element-populated\">\n\t\t\t\t\t\t\t\t<div class=\"elementor-element elementor-element-539eca90 elementor-view-stacked elementor-position-left elementor-shape-circle elementor-mobile-position-top elementor-vertical-align-top de_scroll_animation_no elementor-widget elementor-widget-icon-box\" data-id=\"539eca90\" data-element_type=\"widget\" data-widget_type=\"icon-box.default\">\n\t\t\t\t<div class=\"elementor-widget-container\">\n\t\t\t<link rel=\"stylesheet\" href=\"https:\/\/mptr.hu\/wp-content\/plugins\/elementor\/assets\/css\/widget-icon-box.min.css\">\t\t<div class=\"elementor-icon-box-wrapper\">\n\t\t\t\t\t\t<div class=\"elementor-icon-box-icon\">\n\t\t\t\t<span class=\"elementor-icon elementor-animation-\" >\n\t\t\t\t<i aria-hidden=\"true\" class=\"icon icon-light-bulb-1\"><\/i>\t\t\t\t<\/span>\n\t\t\t<\/div>\n\t\t\t\t\t\t<div class=\"elementor-icon-box-content\">\n\t\t\t\t<h2 class=\"elementor-icon-box-title\">\n\t\t\t\t\t<span  >\n\t\t\t\t\t\t\u00d6tlete van?\t\t\t\t\t<\/span>\n\t\t\t\t<\/h2>\n\t\t\t\t\t\t\t\t\t<p class=\"elementor-icon-box-description\">\n\t\t\t\t\t\tKeressen benn\u00fcnket bizalommal \u00e9s mi 24 \u00f3r\u00e1n bel\u00fcl felvessz\u00fck \u00d6nnel a kapcsolatot! B\u00edzza r\u00e1nk elk\u00e9pzel\u00e9se megval\u00f3s\u00edt\u00e1s\u00e1t!\t\t\t\t\t<\/p>\n\t\t\t\t\t\t\t<\/div>\n\t\t<\/div>\n\t\t\t\t<\/div>\n\t\t\t\t<\/div>\n\t\t\t\t\t<\/div>\n\t\t<\/div>\n\t\t\t\t\t\t\t<\/div>\n\t\t<\/section>\n\t\t\t\t<section class=\"elementor-section elementor-top-section elementor-element elementor-element-1499e868 elementor-section-boxed elementor-section-height-default elementor-section-height-default\" data-id=\"1499e868\" data-element_type=\"section\">\n\t\t\t\t\t\t<div class=\"elementor-container elementor-column-gap-default\">\n\t\t\t\t\t<div class=\"elementor-column elementor-col-100 elementor-top-column elementor-element elementor-element-250742dd\" data-id=\"250742dd\" data-element_type=\"column\">\n\t\t\t<div class=\"elementor-widget-wrap elementor-element-populated\">\n\t\t\t\t\t\t\t\t<div class=\"elementor-element elementor-element-45d47ef2 elementor-align-center de_scroll_animation_no elementor-widget elementor-widget-button\" data-id=\"45d47ef2\" data-element_type=\"widget\" data-widget_type=\"button.default\">\n\t\t\t\t<div class=\"elementor-widget-container\">\n\t\t\t\t\t<div class=\"elementor-button-wrapper\">\n\t\t\t<a href=\"https:\/\/mptr.hu\/?page_id=554\" class=\"elementor-button-link elementor-button elementor-size-sm\" role=\"button\">\n\t\t\t\t\t\t<span class=\"elementor-button-content-wrapper\">\n\t\t\t\t\t\t<span class=\"elementor-button-text\">L\u00c9PJEN VEL\u00dcNK KAPCSOLATBA!<\/span>\n\t\t<\/span>\n\t\t\t\t\t<\/a>\n\t\t<\/div>\n\t\t\t\t<\/div>\n\t\t\t\t<\/div>\n\t\t\t\t\t<\/div>\n\t\t<\/div>\n\t\t\t\t\t\t\t<\/div>\n\t\t<\/section>\n\t\t\t\t\t\t\t<\/div>\n\t\t","protected":false},"excerpt":{"rendered":"<p>Szak\u00e9rtelm\u00fcnk R\u00f6vid bemutatkoz\u00e1sunk szakmai oldalr\u00f3l Szak\u00e9rt\u0151ink 9 \u00e9ve foglalkoznak mobilapplik\u00e1ci\u00f3k \u00e9s 15 \u00e9ve weboldalak fejleszt\u00e9s\u00e9vel. Legyen sz\u00f3 mobilappokr\u00f3l vagy webr\u0151l, k\u00f6z\u00f6s szakmai alap\u00e9rt\u00e9k\u00fcnk a folyamatos \u00f6nk\u00e9pz\u00e9s. Naprak\u00e9sz tud\u00e1sunk biztos\u00edtja, hogy a megfelel\u0151 projekthez a megfelel\u0151 technol\u00f3gia eszk\u00f6z\u00f6ket v\u00e1lasztjuk ki, hogy \u00fcgyfeleink sz\u00e1m\u00e1ra gyors \u00e9s hat\u00e9kony munk\u00e1t tudjunk biztos\u00edtani.\u00a0 Kreat\u00edv \u00e9s modern design-ot k\u00e9sz\u00edt\u00fcnk \u00d6nnek a [&hellip;]<\/p>\n","protected":false},"author":1,"featured_media":0,"parent":0,"menu_order":0,"comment_status":"closed","ping_status":"closed","template":"","meta":{"footnotes":""},"class_list":["post-577","page","type-page","status-publish","hentry"],"_links":{"self":[{"href":"https:\/\/mptr.hu\/index.php?rest_route=\/wp\/v2\/pages\/577","targetHints":{"allow":["GET"]}}],"collection":[{"href":"https:\/\/mptr.hu\/index.php?rest_route=\/wp\/v2\/pages"}],"about":[{"href":"https:\/\/mptr.hu\/index.php?rest_route=\/wp\/v2\/types\/page"}],"author":[{"embeddable":true,"href":"https:\/\/mptr.hu\/index.php?rest_route=\/wp\/v2\/users\/1"}],"replies":[{"embeddable":true,"href":"https:\/\/mptr.hu\/index.php?rest_route=%2Fwp%2Fv2%2Fcomments&post=577"}],"version-history":[{"count":19,"href":"https:\/\/mptr.hu\/index.php?rest_route=\/wp\/v2\/pages\/577\/revisions"}],"predecessor-version":[{"id":1033,"href":"https:\/\/mptr.hu\/index.php?rest_route=\/wp\/v2\/pages\/577\/revisions\/1033"}],"wp:attachment":[{"href":"https:\/\/mptr.hu\/index.php?rest_route=%2Fwp%2Fv2%2Fmedia&parent=577"}],"curies":[{"name":"wp","href":"https:\/\/api.w.org\/{rel}","templated":true}]}}