{"id":589,"date":"2024-03-07T17:30:02","date_gmt":"2024-03-07T17:30:02","guid":{"rendered":"https:\/\/mptr.hu\/?page_id=589"},"modified":"2024-03-13T12:21:16","modified_gmt":"2024-03-13T12:21:16","slug":"szerver-hosting","status":"publish","type":"page","link":"https:\/\/mptr.hu\/?page_id=589","title":{"rendered":"Szerver hosting"},"content":{"rendered":"\t\t<div data-elementor-type=\"wp-page\" data-elementor-id=\"589\" class=\"elementor elementor-589\">\n\t\t\t\t\t\t\t\t\t<section class=\"elementor-section elementor-top-section elementor-element elementor-element-15c6d34 elementor-section-boxed elementor-section-height-default elementor-section-height-default elementor-invisible\" data-id=\"15c6d34\" data-element_type=\"section\" data-settings=\"{&quot;background_background&quot;:&quot;classic&quot;,&quot;animation&quot;:&quot;fadeIn&quot;}\">\n\t\t\t\t\t\t\t<div class=\"elementor-background-overlay\"><\/div>\n\t\t\t\t\t\t\t<div class=\"elementor-container elementor-column-gap-default\">\n\t\t\t\t\t<div class=\"elementor-column elementor-col-100 elementor-top-column elementor-element elementor-element-56630b36\" data-id=\"56630b36\" data-element_type=\"column\">\n\t\t\t<div class=\"elementor-widget-wrap elementor-element-populated\">\n\t\t\t\t\t\t\t\t<div class=\"elementor-element elementor-element-7816e24b de_scroll_animation_no elementor-invisible elementor-widget elementor-widget-heading\" data-id=\"7816e24b\" data-element_type=\"widget\" data-settings=\"{&quot;_animation&quot;:&quot;fadeInLeft&quot;}\" data-widget_type=\"heading.default\">\n\t\t\t\t<div class=\"elementor-widget-container\">\n\t\t\t<style>\/*! elementor - v3.8.0 - 30-10-2022 *\/\n.elementor-heading-title{padding:0;margin:0;line-height:1}.elementor-widget-heading .elementor-heading-title[class*=elementor-size-]>a{color:inherit;font-size:inherit;line-height:inherit}.elementor-widget-heading .elementor-heading-title.elementor-size-small{font-size:15px}.elementor-widget-heading .elementor-heading-title.elementor-size-medium{font-size:19px}.elementor-widget-heading .elementor-heading-title.elementor-size-large{font-size:29px}.elementor-widget-heading .elementor-heading-title.elementor-size-xl{font-size:39px}.elementor-widget-heading .elementor-heading-title.elementor-size-xxl{font-size:59px}<\/style><h1 class=\"elementor-heading-title elementor-size-default\">Szerver hosting szolg\u00e1ltat\u00e1s<\/h1>\t\t<\/div>\n\t\t\t\t<\/div>\n\t\t\t\t<div class=\"elementor-element elementor-element-2726afba elementor-widget-mobile__width-inherit de_scroll_animation_no elementor-invisible elementor-widget elementor-widget-text-editor\" data-id=\"2726afba\" data-element_type=\"widget\" data-settings=\"{&quot;_animation&quot;:&quot;fadeInUp&quot;,&quot;_animation_delay&quot;:500}\" data-widget_type=\"text-editor.default\">\n\t\t\t\t<div class=\"elementor-widget-container\">\n\t\t\t<style>\/*! elementor - v3.8.0 - 30-10-2022 *\/\n.elementor-widget-text-editor.elementor-drop-cap-view-stacked .elementor-drop-cap{background-color:#818a91;color:#fff}.elementor-widget-text-editor.elementor-drop-cap-view-framed .elementor-drop-cap{color:#818a91;border:3px solid;background-color:transparent}.elementor-widget-text-editor:not(.elementor-drop-cap-view-default) .elementor-drop-cap{margin-top:8px}.elementor-widget-text-editor:not(.elementor-drop-cap-view-default) .elementor-drop-cap-letter{width:1em;height:1em}.elementor-widget-text-editor .elementor-drop-cap{float:left;text-align:center;line-height:1;font-size:50px}.elementor-widget-text-editor .elementor-drop-cap-letter{display:inline-block}<\/style>\t\t\t\t<p>Szerver\u00fczemeltet\u00e9s egyszer\u0171en, szakszer\u0171en.<\/p>\t\t\t\t\t\t<\/div>\n\t\t\t\t<\/div>\n\t\t\t\t\t<\/div>\n\t\t<\/div>\n\t\t\t\t\t\t\t<\/div>\n\t\t<\/section>\n\t\t\t\t<section class=\"elementor-section elementor-top-section elementor-element elementor-element-10b5393 elementor-section-boxed elementor-section-height-default elementor-section-height-default\" data-id=\"10b5393\" data-element_type=\"section\">\n\t\t\t\t\t\t<div class=\"elementor-container elementor-column-gap-default\">\n\t\t\t\t\t<div class=\"elementor-column elementor-col-100 elementor-top-column elementor-element elementor-element-fd95702\" data-id=\"fd95702\" data-element_type=\"column\">\n\t\t\t<div class=\"elementor-widget-wrap elementor-element-populated\">\n\t\t\t\t\t\t\t\t<div class=\"elementor-element elementor-element-e8fff80 de_scroll_animation_no elementor-widget elementor-widget-text-editor\" data-id=\"e8fff80\" data-element_type=\"widget\" data-widget_type=\"text-editor.default\">\n\t\t\t\t<div class=\"elementor-widget-container\">\n\t\t\t\t\t\t\t<h3>MPTR Szerver hosting<\/h3>\t\t\t\t\t\t<\/div>\n\t\t\t\t<\/div>\n\t\t\t\t\t<\/div>\n\t\t<\/div>\n\t\t\t\t\t\t\t<\/div>\n\t\t<\/section>\n\t\t\t\t<section class=\"elementor-section elementor-top-section elementor-element elementor-element-22427cc elementor-section-boxed elementor-section-height-default elementor-section-height-default\" data-id=\"22427cc\" data-element_type=\"section\">\n\t\t\t\t\t\t<div class=\"elementor-container elementor-column-gap-default\">\n\t\t\t\t\t<div class=\"elementor-column elementor-col-100 elementor-top-column elementor-element elementor-element-818cee1\" data-id=\"818cee1\" data-element_type=\"column\">\n\t\t\t<div class=\"elementor-widget-wrap elementor-element-populated\">\n\t\t\t\t\t\t\t\t<div class=\"elementor-element elementor-element-c996aae de_scroll_animation_no elementor-widget elementor-widget-text-editor\" data-id=\"c996aae\" data-element_type=\"widget\" data-widget_type=\"text-editor.default\">\n\t\t\t\t<div class=\"elementor-widget-container\">\n\t\t\t\t\t\t\t<p><span style=\"font-weight: 400;\">V\u00e1lassza szerver hosting szolg\u00e1ltat\u00e1sunkat \u00e9s<\/span><span style=\"font-weight: 400;\"> sp\u00f3rolja meg a saj\u00e1t szerverek \u00fczemeltet\u00e9s\u00e9vel j\u00e1r\u00f3 k\u00f6lts\u00e9geket!<\/span> <span style=\"font-weight: 400;\">Szolg\u00e1ltat\u00e1sainkat rugalmasan igaz\u00edtjuk az \u00d6n ig\u00e9nyeihez: <\/span><span style=\"font-weight: 400;\">szereverink testreszabhat\u00f3ak \u00e9s hat\u00e9konyan sk\u00e1l\u00e1zhat\u00f3ak, \u00edgy garant\u00e1ljuk, hogy minden pillanatban <\/span><span style=\"font-weight: 400;\">optim\u00e1lis teljes\u00edtm\u00e9nyt ny\u00fajtanak. V\u00e9dett infrastrukt\u00far\u00e1t k\u00edn\u00e1lunk: az \u00fczemeltet\u00e9s sor\u00e1n folyamatos monitorozzuk a rendszert \u00e9s a gyorsan reag\u00e1lunk az esetleges fennakad\u00e1sokra. Naprak\u00e9sz biztons\u00e1gi int\u00e9zked\u00e9sekkel \u00e9s a rendszeres karbantart\u00e1ssal v\u00e9dj\u00fck az \u00f6n adatait. <\/span><span style=\"font-weight: 400;\">Csapatunk elk\u00f6telezett a magas szint\u0171 \u00fcgyf\u00e9lt\u00e1mogat\u00e1s mellett. <\/span><span style=\"font-weight: 400;\">Az <\/span><span style=\"font-weight: 400;\">MPTR Szerver Hosting minden \u00fcgyfele sz\u00e1m\u00edthat r\u00e1, hogy digit\u00e1lis jelenl\u00e9t\u00fck z\u00f6kken\u0151mentes \u00e9s biztons\u00e1gos lesz.<\/span><\/p>\t\t\t\t\t\t<\/div>\n\t\t\t\t<\/div>\n\t\t\t\t\t<\/div>\n\t\t<\/div>\n\t\t\t\t\t\t\t<\/div>\n\t\t<\/section>\n\t\t\t\t<section class=\"elementor-section elementor-top-section elementor-element elementor-element-4c96666 elementor-section-boxed elementor-section-height-default elementor-section-height-default\" data-id=\"4c96666\" data-element_type=\"section\">\n\t\t\t\t\t\t<div class=\"elementor-container elementor-column-gap-default\">\n\t\t\t\t\t<div class=\"elementor-column elementor-col-100 elementor-top-column elementor-element elementor-element-5144e52\" data-id=\"5144e52\" data-element_type=\"column\">\n\t\t\t<div class=\"elementor-widget-wrap elementor-element-populated\">\n\t\t\t\t\t\t\t\t<div class=\"elementor-element elementor-element-0930582 de_scroll_animation_no elementor-widget elementor-widget-text-editor\" data-id=\"0930582\" data-element_type=\"widget\" data-widget_type=\"text-editor.default\">\n\t\t\t\t<div class=\"elementor-widget-container\">\n\t\t\t\t\t\t\t<h3>Mi\u00e9rt aj\u00e1nljuk a szolg\u00e1ltat\u00e1sunkat? Mert&#8230;<\/h3>\t\t\t\t\t\t<\/div>\n\t\t\t\t<\/div>\n\t\t\t\t\t<\/div>\n\t\t<\/div>\n\t\t\t\t\t\t\t<\/div>\n\t\t<\/section>\n\t\t\t\t<section class=\"elementor-section elementor-top-section elementor-element elementor-element-3475a3a elementor-section-boxed elementor-section-height-default elementor-section-height-default\" data-id=\"3475a3a\" data-element_type=\"section\">\n\t\t\t\t\t\t<div class=\"elementor-container elementor-column-gap-default\">\n\t\t\t\t\t<div class=\"elementor-column elementor-col-33 elementor-top-column elementor-element elementor-element-9dd6c8f\" data-id=\"9dd6c8f\" data-element_type=\"column\">\n\t\t\t<div class=\"elementor-widget-wrap elementor-element-populated\">\n\t\t\t\t\t\t\t\t<div class=\"elementor-element elementor-element-bf8691e elementor-position-left elementor-view-default elementor-mobile-position-top elementor-vertical-align-top de_scroll_animation_no elementor-widget elementor-widget-icon-box\" data-id=\"bf8691e\" data-element_type=\"widget\" data-widget_type=\"icon-box.default\">\n\t\t\t\t<div class=\"elementor-widget-container\">\n\t\t\t<link rel=\"stylesheet\" href=\"https:\/\/mptr.hu\/wp-content\/plugins\/elementor\/assets\/css\/widget-icon-box.min.css\">\t\t<div class=\"elementor-icon-box-wrapper\">\n\t\t\t\t\t\t<div class=\"elementor-icon-box-icon\">\n\t\t\t\t<span class=\"elementor-icon elementor-animation-\" >\n\t\t\t\t<i aria-hidden=\"true\" class=\"far fa-thumbs-up\"><\/i>\t\t\t\t<\/span>\n\t\t\t<\/div>\n\t\t\t\t\t\t<div class=\"elementor-icon-box-content\">\n\t\t\t\t<h5 class=\"elementor-icon-box-title\">\n\t\t\t\t\t<span  >\n\t\t\t\t\t\tNe vesz\u0151dj\u00f6n az \u00fczemeltet\u00e9ssel!\t\t\t\t\t<\/span>\n\t\t\t\t<\/h5>\n\t\t\t\t\t\t\t\t\t<p class=\"elementor-icon-box-description\">\n\t\t\t\t\t\tA szerver hosting l\u00e9nyege, hogy lehet\u0151v\u00e9 teszi a weboldalak vagy alkalmaz\u00e1sok el\u00e9rhet\u0151s\u00e9g\u00e9t az interneten kereszt\u00fcl, an\u00e9lk\u00fcl, hogy a felhaszn\u00e1l\u00f3nak saj\u00e1t szervereket kellene \u00fczemeltetnie.\t\t\t\t\t<\/p>\n\t\t\t\t\t\t\t<\/div>\n\t\t<\/div>\n\t\t\t\t<\/div>\n\t\t\t\t<\/div>\n\t\t\t\t<div class=\"elementor-element elementor-element-5c7a086 de_scroll_animation_no elementor-widget elementor-widget-text-editor\" data-id=\"5c7a086\" data-element_type=\"widget\" data-widget_type=\"text-editor.default\">\n\t\t\t\t<div class=\"elementor-widget-container\">\n\t\t\t\t\t\t\t\t\t\t\t\t\t<\/div>\n\t\t\t\t<\/div>\n\t\t\t\t\t<\/div>\n\t\t<\/div>\n\t\t\t\t<div class=\"elementor-column elementor-col-33 elementor-top-column elementor-element elementor-element-6807cee\" data-id=\"6807cee\" data-element_type=\"column\">\n\t\t\t<div class=\"elementor-widget-wrap elementor-element-populated\">\n\t\t\t\t\t\t\t\t<div class=\"elementor-element elementor-element-f23dccd elementor-position-left elementor-view-default elementor-mobile-position-top elementor-vertical-align-top de_scroll_animation_no elementor-widget elementor-widget-icon-box\" data-id=\"f23dccd\" data-element_type=\"widget\" data-widget_type=\"icon-box.default\">\n\t\t\t\t<div class=\"elementor-widget-container\">\n\t\t\t\t\t<div class=\"elementor-icon-box-wrapper\">\n\t\t\t\t\t\t<div class=\"elementor-icon-box-icon\">\n\t\t\t\t<span class=\"elementor-icon elementor-animation-\" >\n\t\t\t\t<i aria-hidden=\"true\" class=\"icon icon-shuffle-arrow\"><\/i>\t\t\t\t<\/span>\n\t\t\t<\/div>\n\t\t\t\t\t\t<div class=\"elementor-icon-box-content\">\n\t\t\t\t<h5 class=\"elementor-icon-box-title\">\n\t\t\t\t\t<span  >\n\t\t\t\t\t\tRugalmasan sk\u00e1l\u00e1zhat\u00f3\t\t\t\t\t<\/span>\n\t\t\t\t<\/h5>\n\t\t\t\t\t\t\t\t\t<p class=\"elementor-icon-box-description\">\n\t\t\t\t\t\tA szerver hosting lehet\u0151v\u00e9 teszi az er\u0151forr\u00e1sok rugalmas sk\u00e1l\u00e1z\u00e1s\u00e1t, \u00edgy az \u00fcgyfeleink csak annyi er\u0151forr\u00e1st haszn\u00e1lnak, amennyire t\u00e9nylegesen sz\u00fcks\u00e9g\u00fck van.\t\t\t\t\t<\/p>\n\t\t\t\t\t\t\t<\/div>\n\t\t<\/div>\n\t\t\t\t<\/div>\n\t\t\t\t<\/div>\n\t\t\t\t\t<\/div>\n\t\t<\/div>\n\t\t\t\t<div class=\"elementor-column elementor-col-33 elementor-top-column elementor-element elementor-element-01c51ad\" data-id=\"01c51ad\" data-element_type=\"column\">\n\t\t\t<div class=\"elementor-widget-wrap elementor-element-populated\">\n\t\t\t\t\t\t\t\t<div class=\"elementor-element elementor-element-44be79e elementor-position-left elementor-view-default elementor-mobile-position-top elementor-vertical-align-top de_scroll_animation_no elementor-widget elementor-widget-icon-box\" data-id=\"44be79e\" data-element_type=\"widget\" data-widget_type=\"icon-box.default\">\n\t\t\t\t<div class=\"elementor-widget-container\">\n\t\t\t\t\t<div class=\"elementor-icon-box-wrapper\">\n\t\t\t\t\t\t<div class=\"elementor-icon-box-icon\">\n\t\t\t\t<span class=\"elementor-icon elementor-animation-\" >\n\t\t\t\t<i aria-hidden=\"true\" class=\"fas fa-shield-alt\"><\/i>\t\t\t\t<\/span>\n\t\t\t<\/div>\n\t\t\t\t\t\t<div class=\"elementor-icon-box-content\">\n\t\t\t\t<h5 class=\"elementor-icon-box-title\">\n\t\t\t\t\t<span  >\n\t\t\t\t\t\tSzakter\u00fclet\u00fcnk a kiberbiztons\u00e1g\t\t\t\t\t<\/span>\n\t\t\t\t<\/h5>\n\t\t\t\t\t\t\t\t\t<p class=\"elementor-icon-box-description\">\n\t\t\t\t\t\tA szerver\u00fczemeltet\u00e9s kulcsfontoss\u00e1g\u00fa ter\u00fclet a kiberbiztons\u00e1g szempontj\u00e1b\u00f3l, mivel ez a itt t\u00f6rt\u00e9nik az adatok t\u00e1rol\u00e1sa \u00e9s kezel\u00e9se.\n\nBiztos\u00edthatjuk, hogy ha vel\u00fcnk dolgozik, adati biztons\u00e1gban lesznek, mert az \u00e1ltalunk v\u00e1lasztott szerverek megfelelnek a leg\u00fajabb kiberbiztons\u00e1gi kih\u00edv\u00e1soknak.\t\t\t\t\t<\/p>\n\t\t\t\t\t\t\t<\/div>\n\t\t<\/div>\n\t\t\t\t<\/div>\n\t\t\t\t<\/div>\n\t\t\t\t\t<\/div>\n\t\t<\/div>\n\t\t\t\t\t\t\t<\/div>\n\t\t<\/section>\n\t\t\t\t<section class=\"elementor-section elementor-top-section elementor-element elementor-element-09de975 elementor-section-boxed elementor-section-height-default elementor-section-height-default\" data-id=\"09de975\" data-element_type=\"section\">\n\t\t\t\t\t\t<div class=\"elementor-container elementor-column-gap-default\">\n\t\t\t\t\t<div class=\"elementor-column elementor-col-33 elementor-top-column elementor-element elementor-element-c93b9b7\" data-id=\"c93b9b7\" data-element_type=\"column\">\n\t\t\t<div class=\"elementor-widget-wrap elementor-element-populated\">\n\t\t\t\t\t\t\t\t<div class=\"elementor-element elementor-element-0ad8541 elementor-position-left elementor-view-default elementor-mobile-position-top elementor-vertical-align-top de_scroll_animation_no elementor-widget elementor-widget-icon-box\" data-id=\"0ad8541\" data-element_type=\"widget\" data-widget_type=\"icon-box.default\">\n\t\t\t\t<div class=\"elementor-widget-container\">\n\t\t\t\t\t<div class=\"elementor-icon-box-wrapper\">\n\t\t\t\t\t\t<div class=\"elementor-icon-box-icon\">\n\t\t\t\t<span class=\"elementor-icon elementor-animation-\" >\n\t\t\t\t<i aria-hidden=\"true\" class=\"icon icon-internet\"><\/i>\t\t\t\t<\/span>\n\t\t\t<\/div>\n\t\t\t\t\t\t<div class=\"elementor-icon-box-content\">\n\t\t\t\t<h5 class=\"elementor-icon-box-title\">\n\t\t\t\t\t<span  >\n\t\t\t\t\t\tMegb\u00edzhat\u00f3 \u00e9s gyors megold\u00e1s\t\t\t\t\t<\/span>\n\t\t\t\t<\/h5>\n\t\t\t\t\t\t\t\t\t<p class=\"elementor-icon-box-description\">\n\t\t\t\t\t\t A szerver hosting seg\u00edts\u00e9g\u00e9vel a webhelyek \u00e9s alkalmaz\u00e1sok gyorsan \u00e9s megb\u00edzhat\u00f3an bet\u00f6lthet\u0151k, ami jav\u00edtja a felhaszn\u00e1l\u00f3i \u00e9lm\u00e9nyt \u00e9s n\u00f6veli a l\u00e1togat\u00f3k el\u00e9gedetts\u00e9g\u00e9t. \t\t\t\t\t<\/p>\n\t\t\t\t\t\t\t<\/div>\n\t\t<\/div>\n\t\t\t\t<\/div>\n\t\t\t\t<\/div>\n\t\t\t\t\t<\/div>\n\t\t<\/div>\n\t\t\t\t<div class=\"elementor-column elementor-col-33 elementor-top-column elementor-element elementor-element-0c0042a\" data-id=\"0c0042a\" data-element_type=\"column\">\n\t\t\t<div class=\"elementor-widget-wrap elementor-element-populated\">\n\t\t\t\t\t\t\t\t<div class=\"elementor-element elementor-element-5082ca2 elementor-position-left elementor-view-default elementor-mobile-position-top elementor-vertical-align-top de_scroll_animation_no elementor-widget elementor-widget-icon-box\" data-id=\"5082ca2\" data-element_type=\"widget\" data-widget_type=\"icon-box.default\">\n\t\t\t\t<div class=\"elementor-widget-container\">\n\t\t\t\t\t<div class=\"elementor-icon-box-wrapper\">\n\t\t\t\t\t\t<div class=\"elementor-icon-box-icon\">\n\t\t\t\t<span class=\"elementor-icon elementor-animation-\" >\n\t\t\t\t<i aria-hidden=\"true\" class=\"far fa-smile-wink\"><\/i>\t\t\t\t<\/span>\n\t\t\t<\/div>\n\t\t\t\t\t\t<div class=\"elementor-icon-box-content\">\n\t\t\t\t<h5 class=\"elementor-icon-box-title\">\n\t\t\t\t\t<span  >\n\t\t\t\t\t\tMotiv\u00e1ltak \u00e9s felel\u0151sek vagyunk\t\t\t\t\t<\/span>\n\t\t\t\t<\/h5>\n\t\t\t\t\t\t\t\t\t<p class=\"elementor-icon-box-description\">\n\t\t\t\t\t\t<span style=\"white-space-collapse: collapse;\">Nem \u00e9rj\u00fck be a f\u00e9lmegold\u00e1sokkal, minden megkeres\u00e9shez a legoptim\u00e1lisabb megold\u00e1st ny\u00fajtjuk. Az \u00fcgyfelek el\u00e9gedetts\u00e9ge az egyik mozgat\u00f3rug\u00f3nk<\/span>\t\t\t\t\t<\/p>\n\t\t\t\t\t\t\t<\/div>\n\t\t<\/div>\n\t\t\t\t<\/div>\n\t\t\t\t<\/div>\n\t\t\t\t\t<\/div>\n\t\t<\/div>\n\t\t\t\t<div class=\"elementor-column elementor-col-33 elementor-top-column elementor-element elementor-element-72d9b22\" data-id=\"72d9b22\" data-element_type=\"column\">\n\t\t\t<div class=\"elementor-widget-wrap elementor-element-populated\">\n\t\t\t\t\t\t\t\t<div class=\"elementor-element elementor-element-eeed20a elementor-position-left elementor-view-default elementor-mobile-position-top elementor-vertical-align-top de_scroll_animation_no elementor-widget elementor-widget-icon-box\" data-id=\"eeed20a\" data-element_type=\"widget\" data-widget_type=\"icon-box.default\">\n\t\t\t\t<div class=\"elementor-widget-container\">\n\t\t\t\t\t<div class=\"elementor-icon-box-wrapper\">\n\t\t\t\t\t\t<div class=\"elementor-icon-box-icon\">\n\t\t\t\t<span class=\"elementor-icon elementor-animation-\" >\n\t\t\t\t<i aria-hidden=\"true\" class=\"fas fa-comment-medical\"><\/i>\t\t\t\t<\/span>\n\t\t\t<\/div>\n\t\t\t\t\t\t<div class=\"elementor-icon-box-content\">\n\t\t\t\t<h5 class=\"elementor-icon-box-title\">\n\t\t\t\t\t<span  >\n\t\t\t\t\t\t\u00c9rthet\u0151en kommunik\u00e1lunk\t\t\t\t\t<\/span>\n\t\t\t\t<\/h5>\n\t\t\t\t\t\t\t\t\t<p class=\"elementor-icon-box-description\">\n\t\t\t\t\t\tMinden sz\u00fcks\u00e9ges karbantart\u00e1si vagy egy\u00e9b folyamat az \u00fcgyfel\u00fcnkkel szorosan egy\u00fcttm\u0171k\u00f6dve t\u00f6rt\u00e9nik. Nincs mell\u00e9besz\u00e9l\u00e9s, \u0151szint\u00e9k vagyunk, \u00e9s \u00e9rthet\u0151en kommunik\u00e1ljuk a technol\u00f3gia r\u00e9szleteket.\t\t\t\t\t<\/p>\n\t\t\t\t\t\t\t<\/div>\n\t\t<\/div>\n\t\t\t\t<\/div>\n\t\t\t\t<\/div>\n\t\t\t\t\t<\/div>\n\t\t<\/div>\n\t\t\t\t\t\t\t<\/div>\n\t\t<\/section>\n\t\t\t\t<section class=\"elementor-section elementor-top-section elementor-element elementor-element-6ab4888 elementor-section-boxed elementor-section-height-default elementor-section-height-default\" data-id=\"6ab4888\" data-element_type=\"section\">\n\t\t\t\t\t\t<div class=\"elementor-container elementor-column-gap-default\">\n\t\t\t\t\t<div class=\"elementor-column elementor-col-100 elementor-top-column elementor-element elementor-element-8077915\" data-id=\"8077915\" data-element_type=\"column\">\n\t\t\t<div class=\"elementor-widget-wrap elementor-element-populated\">\n\t\t\t\t\t\t\t\t<div class=\"elementor-element elementor-element-ccd6e29 elementor-align-center de_scroll_animation_no elementor-widget elementor-widget-button\" data-id=\"ccd6e29\" data-element_type=\"widget\" data-widget_type=\"button.default\">\n\t\t\t\t<div class=\"elementor-widget-container\">\n\t\t\t\t\t<div class=\"elementor-button-wrapper\">\n\t\t\t<a href=\"https:\/\/mptr.hu\/?page_id=554\" class=\"elementor-button-link elementor-button elementor-size-sm\" role=\"button\">\n\t\t\t\t\t\t<span class=\"elementor-button-content-wrapper\">\n\t\t\t\t\t\t\t<span class=\"elementor-button-icon elementor-align-icon-right\">\n\t\t\t\t<i aria-hidden=\"true\" class=\"far fa-thumbs-up\"><\/i>\t\t\t<\/span>\n\t\t\t\t\t\t<span class=\"elementor-button-text\">AJ\u00c1NLATOT K\u00c9REK<\/span>\n\t\t<\/span>\n\t\t\t\t\t<\/a>\n\t\t<\/div>\n\t\t\t\t<\/div>\n\t\t\t\t<\/div>\n\t\t\t\t\t<\/div>\n\t\t<\/div>\n\t\t\t\t\t\t\t<\/div>\n\t\t<\/section>\n\t\t\t\t\t\t\t<\/div>\n\t\t","protected":false},"excerpt":{"rendered":"<p>Szerver hosting szolg\u00e1ltat\u00e1s Szerver\u00fczemeltet\u00e9s egyszer\u0171en, szakszer\u0171en. MPTR Szerver hosting V\u00e1lassza szerver hosting szolg\u00e1ltat\u00e1sunkat \u00e9s sp\u00f3rolja meg a saj\u00e1t szerverek \u00fczemeltet\u00e9s\u00e9vel j\u00e1r\u00f3 k\u00f6lts\u00e9geket! Szolg\u00e1ltat\u00e1sainkat rugalmasan igaz\u00edtjuk az \u00d6n ig\u00e9nyeihez: szereverink testreszabhat\u00f3ak \u00e9s hat\u00e9konyan sk\u00e1l\u00e1zhat\u00f3ak, \u00edgy garant\u00e1ljuk, hogy minden pillanatban optim\u00e1lis teljes\u00edtm\u00e9nyt ny\u00fajtanak. V\u00e9dett infrastrukt\u00far\u00e1t k\u00edn\u00e1lunk: az \u00fczemeltet\u00e9s sor\u00e1n folyamatos monitorozzuk a rendszert \u00e9s a gyorsan reag\u00e1lunk [&hellip;]<\/p>\n","protected":false},"author":1,"featured_media":0,"parent":0,"menu_order":0,"comment_status":"closed","ping_status":"closed","template":"elementor_header_footer","meta":{"footnotes":""},"class_list":["post-589","page","type-page","status-publish","hentry"],"_links":{"self":[{"href":"https:\/\/mptr.hu\/index.php?rest_route=\/wp\/v2\/pages\/589","targetHints":{"allow":["GET"]}}],"collection":[{"href":"https:\/\/mptr.hu\/index.php?rest_route=\/wp\/v2\/pages"}],"about":[{"href":"https:\/\/mptr.hu\/index.php?rest_route=\/wp\/v2\/types\/page"}],"author":[{"embeddable":true,"href":"https:\/\/mptr.hu\/index.php?rest_route=\/wp\/v2\/users\/1"}],"replies":[{"embeddable":true,"href":"https:\/\/mptr.hu\/index.php?rest_route=%2Fwp%2Fv2%2Fcomments&post=589"}],"version-history":[{"count":22,"href":"https:\/\/mptr.hu\/index.php?rest_route=\/wp\/v2\/pages\/589\/revisions"}],"predecessor-version":[{"id":748,"href":"https:\/\/mptr.hu\/index.php?rest_route=\/wp\/v2\/pages\/589\/revisions\/748"}],"wp:attachment":[{"href":"https:\/\/mptr.hu\/index.php?rest_route=%2Fwp%2Fv2%2Fmedia&parent=589"}],"curies":[{"name":"wp","href":"https:\/\/api.w.org\/{rel}","templated":true}]}}