{"id":604,"date":"2024-03-08T14:42:12","date_gmt":"2024-03-08T14:42:12","guid":{"rendered":"https:\/\/mptr.hu\/?page_id=604"},"modified":"2024-03-20T12:57:45","modified_gmt":"2024-03-20T12:57:45","slug":"it-security","status":"publish","type":"page","link":"https:\/\/mptr.hu\/?page_id=604","title":{"rendered":"IT-Biztons\u00e1gi Szolg\u00e1ltat\u00e1sok"},"content":{"rendered":"\t\t<div data-elementor-type=\"wp-page\" data-elementor-id=\"604\" class=\"elementor elementor-604\">\n\t\t\t\t\t\t\t\t\t<section class=\"elementor-section elementor-top-section elementor-element elementor-element-6b9b9cd3 elementor-section-boxed elementor-section-height-default elementor-section-height-default elementor-invisible\" data-id=\"6b9b9cd3\" data-element_type=\"section\" data-settings=\"{&quot;background_background&quot;:&quot;classic&quot;,&quot;animation&quot;:&quot;fadeIn&quot;}\">\n\t\t\t\t\t\t\t<div class=\"elementor-background-overlay\"><\/div>\n\t\t\t\t\t\t\t<div class=\"elementor-container elementor-column-gap-default\">\n\t\t\t\t\t<div class=\"elementor-column elementor-col-100 elementor-top-column elementor-element elementor-element-3c0166fd\" data-id=\"3c0166fd\" data-element_type=\"column\">\n\t\t\t<div class=\"elementor-widget-wrap elementor-element-populated\">\n\t\t\t\t\t\t\t\t<div class=\"elementor-element elementor-element-42da2470 elementor-widget__width-inherit elementor-absolute de_scroll_animation_no elementor-invisible elementor-widget elementor-widget-heading\" data-id=\"42da2470\" data-element_type=\"widget\" data-settings=\"{&quot;_animation&quot;:&quot;fadeInLeft&quot;,&quot;_position&quot;:&quot;absolute&quot;}\" data-widget_type=\"heading.default\">\n\t\t\t\t<div class=\"elementor-widget-container\">\n\t\t\t<style>\/*! elementor - v3.8.0 - 30-10-2022 *\/\n.elementor-heading-title{padding:0;margin:0;line-height:1}.elementor-widget-heading .elementor-heading-title[class*=elementor-size-]>a{color:inherit;font-size:inherit;line-height:inherit}.elementor-widget-heading .elementor-heading-title.elementor-size-small{font-size:15px}.elementor-widget-heading .elementor-heading-title.elementor-size-medium{font-size:19px}.elementor-widget-heading .elementor-heading-title.elementor-size-large{font-size:29px}.elementor-widget-heading .elementor-heading-title.elementor-size-xl{font-size:39px}.elementor-widget-heading .elementor-heading-title.elementor-size-xxl{font-size:59px}<\/style><h3 class=\"elementor-heading-title elementor-size-small\">IT-Security szolg\u00e1ltat\u00e1sok<\/h3>\t\t<\/div>\n\t\t\t\t<\/div>\n\t\t\t\t<div class=\"elementor-element elementor-element-79ace991 elementor-widget-mobile__width-inherit elementor-absolute de_scroll_animation_no elementor-invisible elementor-widget elementor-widget-text-editor\" data-id=\"79ace991\" data-element_type=\"widget\" data-settings=\"{&quot;_animation&quot;:&quot;fadeInUp&quot;,&quot;_animation_delay&quot;:500,&quot;_position&quot;:&quot;absolute&quot;}\" data-widget_type=\"text-editor.default\">\n\t\t\t\t<div class=\"elementor-widget-container\">\n\t\t\t<style>\/*! elementor - v3.8.0 - 30-10-2022 *\/\n.elementor-widget-text-editor.elementor-drop-cap-view-stacked .elementor-drop-cap{background-color:#818a91;color:#fff}.elementor-widget-text-editor.elementor-drop-cap-view-framed .elementor-drop-cap{color:#818a91;border:3px solid;background-color:transparent}.elementor-widget-text-editor:not(.elementor-drop-cap-view-default) .elementor-drop-cap{margin-top:8px}.elementor-widget-text-editor:not(.elementor-drop-cap-view-default) .elementor-drop-cap-letter{width:1em;height:1em}.elementor-widget-text-editor .elementor-drop-cap{float:left;text-align:center;line-height:1;font-size:50px}.elementor-widget-text-editor .elementor-drop-cap-letter{display:inline-block}<\/style>\t\t\t\t<p>Egy kattint\u00e1s a maxim\u00e1lis digit\u00e1lis biztons\u00e1g\u00e9rt<\/p>\t\t\t\t\t\t<\/div>\n\t\t\t\t<\/div>\n\t\t\t\t\t<\/div>\n\t\t<\/div>\n\t\t\t\t\t\t\t<\/div>\n\t\t<\/section>\n\t\t\t\t<section class=\"elementor-section elementor-top-section elementor-element elementor-element-329825c elementor-section-boxed elementor-section-height-default elementor-section-height-default\" data-id=\"329825c\" data-element_type=\"section\">\n\t\t\t\t\t\t<div class=\"elementor-container elementor-column-gap-default\">\n\t\t\t\t\t<div class=\"elementor-column elementor-col-100 elementor-top-column elementor-element elementor-element-304b7c3\" data-id=\"304b7c3\" data-element_type=\"column\">\n\t\t\t<div class=\"elementor-widget-wrap elementor-element-populated\">\n\t\t\t\t\t\t\t\t<div class=\"elementor-element elementor-element-abf5c35 de_scroll_animation_no elementor-widget elementor-widget-text-editor\" data-id=\"abf5c35\" data-element_type=\"widget\" data-widget_type=\"text-editor.default\">\n\t\t\t\t<div class=\"elementor-widget-container\">\n\t\t\t\t\t\t\t<h3>MPTR IT-Security<\/h3>\t\t\t\t\t\t<\/div>\n\t\t\t\t<\/div>\n\t\t\t\t\t<\/div>\n\t\t<\/div>\n\t\t\t\t\t\t\t<\/div>\n\t\t<\/section>\n\t\t\t\t<section class=\"elementor-section elementor-top-section elementor-element elementor-element-72bb7d4 elementor-section-boxed elementor-section-height-default elementor-section-height-default\" data-id=\"72bb7d4\" data-element_type=\"section\">\n\t\t\t\t\t\t<div class=\"elementor-container elementor-column-gap-default\">\n\t\t\t\t\t<div class=\"elementor-column elementor-col-100 elementor-top-column elementor-element elementor-element-9caf192\" data-id=\"9caf192\" data-element_type=\"column\">\n\t\t\t<div class=\"elementor-widget-wrap elementor-element-populated\">\n\t\t\t\t\t\t\t\t<div class=\"elementor-element elementor-element-8d02ac1 de_scroll_animation_no elementor-widget elementor-widget-text-editor\" data-id=\"8d02ac1\" data-element_type=\"widget\" data-widget_type=\"text-editor.default\">\n\t\t\t\t<div class=\"elementor-widget-container\">\n\t\t\t\t\t\t\t<p><span style=\"font-weight: 400;\">Az IT biztons\u00e1g kulcsfontoss\u00e1g\u00fa minden v\u00e1llalat sz\u00e1m\u00e1ra. A k\u00fcl\u00f6nb\u00f6z\u0151 biztons\u00e1gi int\u00e9zked\u00e9sek v\u00e9dik az \u00e9rz\u00e9keny adatokat \u00e9s a c\u00e9g digit\u00e1lis infrastrukt\u00far\u00e1j\u00e1t. A megfelel\u0151en kialak\u00edtott digit\u00e1lis biztons\u00e1g megakad\u00e1lyozza a kritikus adatveszt\u00e9st \u00e9s egy esetleges le\u00e1ll\u00e1s eset\u00e9n, elker\u00fclve \u00edgy az \u00fczletmenet sz\u00fcneteltet\u00e9s\u00e9t &#8211;&nbsp; ezzel jelent\u0151s k\u00f6lts\u00e9geket takar\u00edtva meg a v\u00e1llalkoz\u00e1snak.&nbsp;<\/span><span style=\"background-color: var( --e-global-color-text ); color: var( --e-global-color-accent ); font-family: var( --e-global-typography-text-font-family ), Sans-serif; font-size: var( --e-global-typography-text-font-size ); letter-spacing: var( --e-global-typography-text-letter-spacing );\">Szak\u00e9rt\u0151i csapatunk els\u0151 l\u00e9p\u00e9sk\u00e9nt felm\u00e9ri az \u00d6n \u00e1ltal v\u00e9gzett digit\u00e1lis tev\u00e9kenys\u00e9get. Ezut\u00e1n \u00d6nnel egy\u00fcttm\u0171k\u00f6dve, <\/span><span style=\"background-color: var( --e-global-color-text ); color: var( --e-global-color-accent ); font-family: var( --e-global-typography-text-font-family ), Sans-serif; font-size: var( --e-global-typography-text-font-size ); letter-spacing: var( --e-global-typography-text-letter-spacing );\">szem\u00e9lyre szabott tan\u00e1csad\u00e1ssal<\/span><span style=\"background-color: var( --e-global-color-text ); color: var( --e-global-color-accent ); font-family: var( --e-global-typography-text-font-family ), Sans-serif; font-size: var( --e-global-typography-text-font-size ); letter-spacing: var( --e-global-typography-text-letter-spacing );\"> javaslatokat tesz\u00fcnk a biztons\u00e1gi strat\u00e9gia kidolgoz\u00e1s\u00e1ra, majd ki\u00e9p\u00edtj\u00fck \u00e9s tesztelj\u00fck a v\u00e1llalkoz\u00e1s digit\u00e1lis v\u00e9delm\u00e9t. \u00dcgyfel\u00fcnket a rendszer \u00e1tad\u00e1sa ut\u00e1n sem hagyjuk mag\u00e1ra: monitorozunk, \u00e9s friss\u00edt\u00e9seket telep\u00edt\u00fcnk. <\/span><span style=\"background-color: var( --e-global-color-text ); color: var( --e-global-color-accent ); font-family: var( --e-global-typography-text-font-family ), Sans-serif; font-size: var( --e-global-typography-text-font-size ); letter-spacing: var( --e-global-typography-text-letter-spacing );\">Biztons\u00e1gi megold\u00e1sainkat az i<\/span><span style=\"background-color: var( --e-global-color-text ); color: var( --e-global-color-accent ); font-family: var( --e-global-typography-text-font-family ), Sans-serif; font-size: var( --e-global-typography-text-font-size ); letter-spacing: var( --e-global-typography-text-letter-spacing );\">nnov\u00e1ci\u00f3, a megb\u00edzhat\u00f3s\u00e1g \u00e9s az \u00fcgyf\u00e9lorient\u00e1lt szeml\u00e9letm\u00f3d jellemzi.&nbsp; L\u00e9pjen egy olyan biztons\u00e1gos j\u00f6v\u0151 fel\u00e9, ahol az \u00d6n c\u00e9g\u00e9nek digit\u00e1lis biztons\u00e1ga mindig a legfels\u0151bb szinten van!<\/span><\/p>\t\t\t\t\t\t<\/div>\n\t\t\t\t<\/div>\n\t\t\t\t\t<\/div>\n\t\t<\/div>\n\t\t\t\t\t\t\t<\/div>\n\t\t<\/section>\n\t\t\t\t<section class=\"elementor-section elementor-top-section elementor-element elementor-element-4c96666 elementor-section-boxed elementor-section-height-default elementor-section-height-default\" data-id=\"4c96666\" data-element_type=\"section\">\n\t\t\t\t\t\t<div class=\"elementor-container elementor-column-gap-default\">\n\t\t\t\t\t<div class=\"elementor-column elementor-col-100 elementor-top-column elementor-element elementor-element-5144e52\" data-id=\"5144e52\" data-element_type=\"column\">\n\t\t\t<div class=\"elementor-widget-wrap elementor-element-populated\">\n\t\t\t\t\t\t\t\t<div class=\"elementor-element elementor-element-0930582 de_scroll_animation_no elementor-widget elementor-widget-text-editor\" data-id=\"0930582\" data-element_type=\"widget\" data-widget_type=\"text-editor.default\">\n\t\t\t\t<div class=\"elementor-widget-container\">\n\t\t\t\t\t\t\t<h3>Dolgozzunk egy\u00fctt, mert<\/h3>\t\t\t\t\t\t<\/div>\n\t\t\t\t<\/div>\n\t\t\t\t\t<\/div>\n\t\t<\/div>\n\t\t\t\t\t\t\t<\/div>\n\t\t<\/section>\n\t\t\t\t<section class=\"elementor-section elementor-top-section elementor-element elementor-element-3475a3a elementor-section-boxed elementor-section-height-default elementor-section-height-default\" data-id=\"3475a3a\" data-element_type=\"section\">\n\t\t\t\t\t\t<div class=\"elementor-container elementor-column-gap-default\">\n\t\t\t\t\t<div class=\"elementor-column elementor-col-33 elementor-top-column elementor-element elementor-element-9dd6c8f\" data-id=\"9dd6c8f\" data-element_type=\"column\">\n\t\t\t<div class=\"elementor-widget-wrap elementor-element-populated\">\n\t\t\t\t\t\t\t\t<div class=\"elementor-element elementor-element-bf8691e elementor-position-left elementor-view-default elementor-mobile-position-top elementor-vertical-align-top de_scroll_animation_no elementor-widget elementor-widget-icon-box\" data-id=\"bf8691e\" data-element_type=\"widget\" data-widget_type=\"icon-box.default\">\n\t\t\t\t<div class=\"elementor-widget-container\">\n\t\t\t<link rel=\"stylesheet\" href=\"https:\/\/mptr.hu\/wp-content\/plugins\/elementor\/assets\/css\/widget-icon-box.min.css\">\t\t<div class=\"elementor-icon-box-wrapper\">\n\t\t\t\t\t\t<div class=\"elementor-icon-box-icon\">\n\t\t\t\t<span class=\"elementor-icon elementor-animation-\" >\n\t\t\t\t<i aria-hidden=\"true\" class=\"fas fa-lock\"><\/i>\t\t\t\t<\/span>\n\t\t\t<\/div>\n\t\t\t\t\t\t<div class=\"elementor-icon-box-content\">\n\t\t\t\t<h5 class=\"elementor-icon-box-title\">\n\t\t\t\t\t<span  >\n\t\t\t\t\t\tMegv\u00e9dj\u00fck az \u00d6n \u00e9rz\u00e9keny adatait\t\t\t\t\t<\/span>\n\t\t\t\t<\/h5>\n\t\t\t\t\t\t\t\t\t<p class=\"elementor-icon-box-description\">\n\t\t\t\t\t\tP\u00e9ld\u00e1ul  az olyan \u00e9rt\u00e9kes inform\u00e1ci\u00f3kat, mint \u00fczleti titkok, \u00fcgyfelek szem\u00e9lyes adatai \u00e9s p\u00e9nz\u00fcgyi inform\u00e1ci\u00f3k. Az IT-biztons\u00e1g megv\u00e9di ezeket az adatokat a jogtalan hozz\u00e1f\u00e9r\u00e9s, lop\u00e1s \u00e9s kisziv\u00e1rg\u00e1s ellen, biztos\u00edtva ezzel a \u00d6n v\u00e1llalkoz\u00e1s\u00e1nak az integrit\u00e1s\u00e1t.\t\t\t\t\t<\/p>\n\t\t\t\t\t\t\t<\/div>\n\t\t<\/div>\n\t\t\t\t<\/div>\n\t\t\t\t<\/div>\n\t\t\t\t<div class=\"elementor-element elementor-element-5c7a086 de_scroll_animation_no elementor-widget elementor-widget-text-editor\" data-id=\"5c7a086\" data-element_type=\"widget\" data-widget_type=\"text-editor.default\">\n\t\t\t\t<div class=\"elementor-widget-container\">\n\t\t\t\t\t\t\t\t\t\t\t\t\t<\/div>\n\t\t\t\t<\/div>\n\t\t\t\t\t<\/div>\n\t\t<\/div>\n\t\t\t\t<div class=\"elementor-column elementor-col-33 elementor-top-column elementor-element elementor-element-6807cee\" data-id=\"6807cee\" data-element_type=\"column\">\n\t\t\t<div class=\"elementor-widget-wrap elementor-element-populated\">\n\t\t\t\t\t\t\t\t<div class=\"elementor-element elementor-element-f23dccd elementor-position-left elementor-view-default elementor-mobile-position-top elementor-vertical-align-top de_scroll_animation_no elementor-widget elementor-widget-icon-box\" data-id=\"f23dccd\" data-element_type=\"widget\" data-widget_type=\"icon-box.default\">\n\t\t\t\t<div class=\"elementor-widget-container\">\n\t\t\t\t\t<div class=\"elementor-icon-box-wrapper\">\n\t\t\t\t\t\t<div class=\"elementor-icon-box-icon\">\n\t\t\t\t<span class=\"elementor-icon elementor-animation-\" >\n\t\t\t\t<i aria-hidden=\"true\" class=\"icon icon-like1\"><\/i>\t\t\t\t<\/span>\n\t\t\t<\/div>\n\t\t\t\t\t\t<div class=\"elementor-icon-box-content\">\n\t\t\t\t<h5 class=\"elementor-icon-box-title\">\n\t\t\t\t\t<span  >\n\t\t\t\t\t\tMegel\u0151zz\u00fck az adatveszt\u00e9st a rendszerle\u00e1ll\u00e1sokat \t\t\t\t\t<\/span>\n\t\t\t\t<\/h5>\n\t\t\t\t\t\t\t\t\t<p class=\"elementor-icon-box-description\">\n\t\t\t\t\t\tHat\u00e9konyan dolgozni csak olyan munkak\u00f6rnyezetben lehet \u00fczlet\u00e9ben a digit\u00e1lis  folyamatok zavartalan m\u0171k\u00f6d\u00e9se biztos\u00edtva van. A hibamentes digit\u00e1lis \u00fczemeltet\u00e9s seg\u00edti a v\u00e1llalkoz\u00e1st folyamatos \u00e9s zavartalan \u00fczleti m\u0171k\u00f6d\u00e9sben, n\u00f6velve ezzel a termel\u00e9kenys\u00e9get \u00e9s \u00fcgyf\u00e9l\u00e9lm\u00e9nyt.\t\t\t\t\t<\/p>\n\t\t\t\t\t\t\t<\/div>\n\t\t<\/div>\n\t\t\t\t<\/div>\n\t\t\t\t<\/div>\n\t\t\t\t\t<\/div>\n\t\t<\/div>\n\t\t\t\t<div class=\"elementor-column elementor-col-33 elementor-top-column elementor-element elementor-element-01c51ad\" data-id=\"01c51ad\" data-element_type=\"column\">\n\t\t\t<div class=\"elementor-widget-wrap elementor-element-populated\">\n\t\t\t\t\t\t\t\t<div class=\"elementor-element elementor-element-44be79e elementor-position-left elementor-view-default elementor-mobile-position-top elementor-vertical-align-top de_scroll_animation_no elementor-widget elementor-widget-icon-box\" data-id=\"44be79e\" data-element_type=\"widget\" data-widget_type=\"icon-box.default\">\n\t\t\t\t<div class=\"elementor-widget-container\">\n\t\t\t\t\t<div class=\"elementor-icon-box-wrapper\">\n\t\t\t\t\t\t<div class=\"elementor-icon-box-icon\">\n\t\t\t\t<span class=\"elementor-icon elementor-animation-\" >\n\t\t\t\t<i aria-hidden=\"true\" class=\"fas fa-shield-alt\"><\/i>\t\t\t\t<\/span>\n\t\t\t<\/div>\n\t\t\t\t\t\t<div class=\"elementor-icon-box-content\">\n\t\t\t\t<h5 class=\"elementor-icon-box-title\">\n\t\t\t\t\t<span  >\n\t\t\t\t\t\tSzakter\u00fclet\u00fcnk a kiberbiztons\u00e1g\t\t\t\t\t<\/span>\n\t\t\t\t<\/h5>\n\t\t\t\t\t\t\t\t\t<p class=\"elementor-icon-box-description\">\n\t\t\t\t\t\tA szerver\u00fczemeltet\u00e9s kulcsfontoss\u00e1g\u00fa ter\u00fclet a kiberbiztons\u00e1g szempontj\u00e1b\u00f3l, mivel ez a itt t\u00f6rt\u00e9nik az adatok t\u00e1rol\u00e1sa \u00e9s kezel\u00e9se.\n\nBiztos\u00edthatjuk, hogy ha vel\u00fcnk dolgozik, adati biztons\u00e1gban lesznek, mert az \u00e1ltalunk v\u00e1lasztott szerverek megfelelnek a leg\u00fajabb kiberbiztons\u00e1gi kih\u00edv\u00e1soknak.\t\t\t\t\t<\/p>\n\t\t\t\t\t\t\t<\/div>\n\t\t<\/div>\n\t\t\t\t<\/div>\n\t\t\t\t<\/div>\n\t\t\t\t\t<\/div>\n\t\t<\/div>\n\t\t\t\t\t\t\t<\/div>\n\t\t<\/section>\n\t\t\t\t<section class=\"elementor-section elementor-top-section elementor-element elementor-element-09de975 elementor-section-boxed elementor-section-height-default elementor-section-height-default\" data-id=\"09de975\" data-element_type=\"section\">\n\t\t\t\t\t\t<div class=\"elementor-container elementor-column-gap-default\">\n\t\t\t\t\t<div class=\"elementor-column elementor-col-33 elementor-top-column elementor-element elementor-element-c93b9b7\" data-id=\"c93b9b7\" data-element_type=\"column\">\n\t\t\t<div class=\"elementor-widget-wrap elementor-element-populated\">\n\t\t\t\t\t\t\t\t<div class=\"elementor-element elementor-element-0ad8541 elementor-position-left elementor-view-default elementor-mobile-position-top elementor-vertical-align-top de_scroll_animation_no elementor-widget elementor-widget-icon-box\" data-id=\"0ad8541\" data-element_type=\"widget\" data-widget_type=\"icon-box.default\">\n\t\t\t\t<div class=\"elementor-widget-container\">\n\t\t\t\t\t<div class=\"elementor-icon-box-wrapper\">\n\t\t\t\t\t\t<div class=\"elementor-icon-box-icon\">\n\t\t\t\t<span class=\"elementor-icon elementor-animation-\" >\n\t\t\t\t<i aria-hidden=\"true\" class=\"fas fa-handshake\"><\/i>\t\t\t\t<\/span>\n\t\t\t<\/div>\n\t\t\t\t\t\t<div class=\"elementor-icon-box-content\">\n\t\t\t\t<h5 class=\"elementor-icon-box-title\">\n\t\t\t\t\t<span  >\n\t\t\t\t\t\tN\u00f6velj\u00fck a felhaszn\u00e1l\u00f3i bizalmat\t\t\t\t\t<\/span>\n\t\t\t\t<\/h5>\n\t\t\t\t\t\t\t\t\t<p class=\"elementor-icon-box-description\">\n\t\t\t\t\t\tAz IT-biztons\u00e1g n\u00e9lk\u00fcl\u00f6zhetetlen a felhaszn\u00e1l\u00f3k bizalm\u00e1nak fenntart\u00e1s\u00e1hoz az online k\u00f6rnyezetben. A megb\u00edzhat\u00f3 \u00e9s biztons\u00e1gos online \u00e9lm\u00e9nyek el\u0151seg\u00edtik a v\u00e1s\u00e1rl\u00f3k megszerz\u00e9s\u00e9t \u00e9s megtart\u00e1s\u00e1t.\t\t\t\t\t<\/p>\n\t\t\t\t\t\t\t<\/div>\n\t\t<\/div>\n\t\t\t\t<\/div>\n\t\t\t\t<\/div>\n\t\t\t\t\t<\/div>\n\t\t<\/div>\n\t\t\t\t<div class=\"elementor-column elementor-col-33 elementor-top-column elementor-element elementor-element-0c0042a\" data-id=\"0c0042a\" data-element_type=\"column\">\n\t\t\t<div class=\"elementor-widget-wrap elementor-element-populated\">\n\t\t\t\t\t\t\t\t<div class=\"elementor-element elementor-element-5082ca2 elementor-position-left elementor-view-default elementor-mobile-position-top elementor-vertical-align-top de_scroll_animation_no elementor-widget elementor-widget-icon-box\" data-id=\"5082ca2\" data-element_type=\"widget\" data-widget_type=\"icon-box.default\">\n\t\t\t\t<div class=\"elementor-widget-container\">\n\t\t\t\t\t<div class=\"elementor-icon-box-wrapper\">\n\t\t\t\t\t\t<div class=\"elementor-icon-box-icon\">\n\t\t\t\t<span class=\"elementor-icon elementor-animation-\" >\n\t\t\t\t<i aria-hidden=\"true\" class=\"far fa-smile-wink\"><\/i>\t\t\t\t<\/span>\n\t\t\t<\/div>\n\t\t\t\t\t\t<div class=\"elementor-icon-box-content\">\n\t\t\t\t<h5 class=\"elementor-icon-box-title\">\n\t\t\t\t\t<span  >\n\t\t\t\t\t\tMotiv\u00e1ltak \u00e9s felel\u0151sek vagyunk\t\t\t\t\t<\/span>\n\t\t\t\t<\/h5>\n\t\t\t\t\t\t\t\t\t<p class=\"elementor-icon-box-description\">\n\t\t\t\t\t\t<span style=\"white-space-collapse: collapse;\">Nem \u00e9rj\u00fck be a f\u00e9lmegold\u00e1sokkal, minden megkeres\u00e9shez a legoptim\u00e1lisabb megold\u00e1st ny\u00fajtjuk. Az \u00fcgyfelek el\u00e9gedetts\u00e9ge az egyik mozgat\u00f3rug\u00f3nk.<\/span>\t\t\t\t\t<\/p>\n\t\t\t\t\t\t\t<\/div>\n\t\t<\/div>\n\t\t\t\t<\/div>\n\t\t\t\t<\/div>\n\t\t\t\t\t<\/div>\n\t\t<\/div>\n\t\t\t\t<div class=\"elementor-column elementor-col-33 elementor-top-column elementor-element elementor-element-72d9b22\" data-id=\"72d9b22\" data-element_type=\"column\">\n\t\t\t<div class=\"elementor-widget-wrap elementor-element-populated\">\n\t\t\t\t\t\t\t\t<div class=\"elementor-element elementor-element-eeed20a elementor-position-left elementor-view-default elementor-mobile-position-top elementor-vertical-align-top de_scroll_animation_no elementor-widget elementor-widget-icon-box\" data-id=\"eeed20a\" data-element_type=\"widget\" data-widget_type=\"icon-box.default\">\n\t\t\t\t<div class=\"elementor-widget-container\">\n\t\t\t\t\t<div class=\"elementor-icon-box-wrapper\">\n\t\t\t\t\t\t<div class=\"elementor-icon-box-icon\">\n\t\t\t\t<span class=\"elementor-icon elementor-animation-\" >\n\t\t\t\t<i aria-hidden=\"true\" class=\"fas fa-comment-medical\"><\/i>\t\t\t\t<\/span>\n\t\t\t<\/div>\n\t\t\t\t\t\t<div class=\"elementor-icon-box-content\">\n\t\t\t\t<h5 class=\"elementor-icon-box-title\">\n\t\t\t\t\t<span  >\n\t\t\t\t\t\t\u00c9rthet\u0151en kommunik\u00e1lunk\t\t\t\t\t<\/span>\n\t\t\t\t<\/h5>\n\t\t\t\t\t\t\t\t\t<p class=\"elementor-icon-box-description\">\n\t\t\t\t\t\tMinden sz\u00fcks\u00e9ges karbantart\u00e1si vagy egy\u00e9b folyamat az \u00fcgyfel\u00fcnkkel szorosan egy\u00fcttm\u0171k\u00f6dve t\u00f6rt\u00e9nik. Nincs mell\u00e9besz\u00e9l\u00e9s, \u0151szint\u00e9k vagyunk, \u00e9s \u00e9rthet\u0151en kommunik\u00e1ljuk a technol\u00f3gia r\u00e9szleteket.\t\t\t\t\t<\/p>\n\t\t\t\t\t\t\t<\/div>\n\t\t<\/div>\n\t\t\t\t<\/div>\n\t\t\t\t<\/div>\n\t\t\t\t\t<\/div>\n\t\t<\/div>\n\t\t\t\t\t\t\t<\/div>\n\t\t<\/section>\n\t\t\t\t<section class=\"elementor-section elementor-top-section elementor-element elementor-element-e95b63b elementor-section-boxed elementor-section-height-default elementor-section-height-default\" data-id=\"e95b63b\" data-element_type=\"section\">\n\t\t\t\t\t\t<div class=\"elementor-container elementor-column-gap-default\">\n\t\t\t\t\t<div class=\"elementor-column elementor-col-100 elementor-top-column elementor-element elementor-element-e400ebf\" data-id=\"e400ebf\" data-element_type=\"column\">\n\t\t\t<div class=\"elementor-widget-wrap elementor-element-populated\">\n\t\t\t\t\t\t\t\t<div class=\"elementor-element elementor-element-51c888a elementor-align-center de_scroll_animation_no elementor-widget elementor-widget-button\" data-id=\"51c888a\" data-element_type=\"widget\" data-widget_type=\"button.default\">\n\t\t\t\t<div class=\"elementor-widget-container\">\n\t\t\t\t\t<div class=\"elementor-button-wrapper\">\n\t\t\t<a href=\"https:\/\/mptr.hu\/?page_id=554\" class=\"elementor-button-link elementor-button elementor-size-sm\" role=\"button\">\n\t\t\t\t\t\t<span class=\"elementor-button-content-wrapper\">\n\t\t\t\t\t\t\t<span class=\"elementor-button-icon elementor-align-icon-left\">\n\t\t\t\t<i aria-hidden=\"true\" class=\"far fa-thumbs-up\"><\/i>\t\t\t<\/span>\n\t\t\t\t\t\t<span class=\"elementor-button-text\">AJ\u00c1NLATOT K\u00c9REK<\/span>\n\t\t<\/span>\n\t\t\t\t\t<\/a>\n\t\t<\/div>\n\t\t\t\t<\/div>\n\t\t\t\t<\/div>\n\t\t\t\t\t<\/div>\n\t\t<\/div>\n\t\t\t\t\t\t\t<\/div>\n\t\t<\/section>\n\t\t\t\t\t\t\t<\/div>\n\t\t","protected":false},"excerpt":{"rendered":"<p>IT-Security szolg\u00e1ltat\u00e1sok Egy kattint\u00e1s a maxim\u00e1lis digit\u00e1lis biztons\u00e1g\u00e9rt MPTR IT-Security Az IT biztons\u00e1g kulcsfontoss\u00e1g\u00fa minden v\u00e1llalat sz\u00e1m\u00e1ra. A k\u00fcl\u00f6nb\u00f6z\u0151 biztons\u00e1gi int\u00e9zked\u00e9sek v\u00e9dik az \u00e9rz\u00e9keny adatokat \u00e9s a c\u00e9g digit\u00e1lis infrastrukt\u00far\u00e1j\u00e1t. A megfelel\u0151en kialak\u00edtott digit\u00e1lis biztons\u00e1g megakad\u00e1lyozza a kritikus adatveszt\u00e9st \u00e9s egy esetleges le\u00e1ll\u00e1s eset\u00e9n, elker\u00fclve \u00edgy az \u00fczletmenet sz\u00fcneteltet\u00e9s\u00e9t &#8211;&nbsp; ezzel jelent\u0151s k\u00f6lts\u00e9geket takar\u00edtva meg [&hellip;]<\/p>\n","protected":false},"author":1,"featured_media":0,"parent":0,"menu_order":0,"comment_status":"closed","ping_status":"closed","template":"elementor_header_footer","meta":{"footnotes":""},"class_list":["post-604","page","type-page","status-publish","hentry"],"_links":{"self":[{"href":"https:\/\/mptr.hu\/index.php?rest_route=\/wp\/v2\/pages\/604","targetHints":{"allow":["GET"]}}],"collection":[{"href":"https:\/\/mptr.hu\/index.php?rest_route=\/wp\/v2\/pages"}],"about":[{"href":"https:\/\/mptr.hu\/index.php?rest_route=\/wp\/v2\/types\/page"}],"author":[{"embeddable":true,"href":"https:\/\/mptr.hu\/index.php?rest_route=\/wp\/v2\/users\/1"}],"replies":[{"embeddable":true,"href":"https:\/\/mptr.hu\/index.php?rest_route=%2Fwp%2Fv2%2Fcomments&post=604"}],"version-history":[{"count":29,"href":"https:\/\/mptr.hu\/index.php?rest_route=\/wp\/v2\/pages\/604\/revisions"}],"predecessor-version":[{"id":1130,"href":"https:\/\/mptr.hu\/index.php?rest_route=\/wp\/v2\/pages\/604\/revisions\/1130"}],"wp:attachment":[{"href":"https:\/\/mptr.hu\/index.php?rest_route=%2Fwp%2Fv2%2Fmedia&parent=604"}],"curies":[{"name":"wp","href":"https:\/\/api.w.org\/{rel}","templated":true}]}}